{"id":16,"date":"2024-02-19T15:47:09","date_gmt":"2024-02-19T15:47:09","guid":{"rendered":"https:\/\/eclat-net.net\/?page_id=16"},"modified":"2024-07-17T02:24:18","modified_gmt":"2024-07-17T02:24:18","slug":"16-2","status":"publish","type":"page","link":"https:\/\/eclat-net.net\/","title":{"rendered":""},"content":{"rendered":"\n<div class=\"wp-block-group alignfull has-contrast-color has-text-color has-link-color wp-elements-b80a35092572d62d575755910958ed91 has-global-padding is-layout-constrained wp-container-core-group-is-layout-23b1a4dc wp-block-group-is-layout-constrained\" style=\"padding-top:var(--wp--preset--spacing--30);padding-right:var(--wp--preset--spacing--30);padding-bottom:var(--wp--preset--spacing--30);padding-left:var(--wp--preset--spacing--30)\">\n<div class=\"wp-block-group alignwide is-content-justification-center is-layout-flex wp-container-core-group-is-layout-c124d1c4 wp-block-group-is-layout-flex\">\n<figure class=\"wp-block-image size-large is-resized\"><img loading=\"lazy\" decoding=\"async\" width=\"1024\" height=\"1024\" src=\"https:\/\/eclat-net.net\/wp-content\/uploads\/2024\/02\/EclatNetLogo-1024x1024.png\" alt=\"Logo du meilleur service d'entretien m\u00e9nager au Niger\" class=\"wp-image-19\" style=\"width:604px;height:auto\" srcset=\"https:\/\/eclat-net.net\/wp-content\/uploads\/2024\/02\/EclatNetLogo-1024x1024.png 1024w, https:\/\/eclat-net.net\/wp-content\/uploads\/2024\/02\/EclatNetLogo-300x300.png 300w, https:\/\/eclat-net.net\/wp-content\/uploads\/2024\/02\/EclatNetLogo-150x150.png 150w, https:\/\/eclat-net.net\/wp-content\/uploads\/2024\/02\/EclatNetLogo-768x768.png 768w, https:\/\/eclat-net.net\/wp-content\/uploads\/2024\/02\/EclatNetLogo-1536x1536.png 1536w, https:\/\/eclat-net.net\/wp-content\/uploads\/2024\/02\/EclatNetLogo-2048x2048.png 2048w\" sizes=\"auto, (max-width: 1024px) 100vw, 1024px\" \/><\/figure>\n<\/div>\n\n\n\n<p class=\"has-text-align-center has-large-font-size\">Nettoyage professionnel et industriel<\/p>\n\n\n\n<p class=\"has-text-align-center has-large-font-size\">Entretien complet de Bureau et Domicile<\/p>\n\n\n\n<p class=\"has-text-align-center has-large-font-size\">D\u00e9sinsectisation<\/p>\n\n\n\n<p class=\"has-text-align-center has-large-font-size\">D\u00e9ratisation<\/p>\n\n\n\n<p class=\"has-text-align-center has-large-font-size\">D\u00e9sinfection<\/p>\n\n\n\n<p class=\"has-text-align-center has-large-font-size\">Entretien et vidange des fosses<\/p>\n<\/div>\n\n\n\n<figure class=\"wp-block-video\"><video height=\"352\" style=\"aspect-ratio: 640 \/ 352;\" width=\"640\" controls src=\"https:\/\/eclat-net.net\/wp-content\/uploads\/2024\/02\/promotionelle-eclat-net.mp4\"><\/video><\/figure>\n\n\n\n<div style=\"height:100px\" aria-hidden=\"true\" class=\"wp-block-spacer\"><\/div>\n\n\n\n<figure class=\"wp-block-image size-full\"><img loading=\"lazy\" decoding=\"async\" width=\"877\" height=\"620\" src=\"https:\/\/eclat-net.net\/wp-content\/uploads\/2024\/02\/eclanet-photo-image-1.png\" alt=\"\" class=\"wp-image-29\" srcset=\"https:\/\/eclat-net.net\/wp-content\/uploads\/2024\/02\/eclanet-photo-image-1.png 877w, https:\/\/eclat-net.net\/wp-content\/uploads\/2024\/02\/eclanet-photo-image-1-300x212.png 300w, https:\/\/eclat-net.net\/wp-content\/uploads\/2024\/02\/eclanet-photo-image-1-768x543.png 768w\" sizes=\"auto, (max-width: 877px) 100vw, 877px\" \/><\/figure>\n\n\n\n<div style=\"height:100px\" aria-hidden=\"true\" class=\"wp-block-spacer\"><\/div>\n\n\n\n<figure class=\"wp-block-image size-full\"><img loading=\"lazy\" decoding=\"async\" width=\"877\" height=\"620\" src=\"https:\/\/eclat-net.net\/wp-content\/uploads\/2024\/02\/eclanet-image-2.png\" alt=\"\" class=\"wp-image-30\" srcset=\"https:\/\/eclat-net.net\/wp-content\/uploads\/2024\/02\/eclanet-image-2.png 877w, https:\/\/eclat-net.net\/wp-content\/uploads\/2024\/02\/eclanet-image-2-300x212.png 300w, https:\/\/eclat-net.net\/wp-content\/uploads\/2024\/02\/eclanet-image-2-768x543.png 768w\" sizes=\"auto, (max-width: 877px) 100vw, 877px\" \/><\/figure>\n\n\n\n<div style=\"height:100px\" aria-hidden=\"true\" class=\"wp-block-spacer\"><\/div>\n\n\n\n<figure class=\"wp-block-image size-large\"><img loading=\"lazy\" decoding=\"async\" width=\"1024\" height=\"768\" src=\"https:\/\/eclat-net.net\/wp-content\/uploads\/2024\/07\/WhatsApp-Image-2024-07-16-at-7.37.59-AM-1024x768.jpeg\" alt=\"\" class=\"wp-image-40\" srcset=\"https:\/\/eclat-net.net\/wp-content\/uploads\/2024\/07\/WhatsApp-Image-2024-07-16-at-7.37.59-AM-1024x768.jpeg 1024w, https:\/\/eclat-net.net\/wp-content\/uploads\/2024\/07\/WhatsApp-Image-2024-07-16-at-7.37.59-AM-300x225.jpeg 300w, https:\/\/eclat-net.net\/wp-content\/uploads\/2024\/07\/WhatsApp-Image-2024-07-16-at-7.37.59-AM-768x576.jpeg 768w, https:\/\/eclat-net.net\/wp-content\/uploads\/2024\/07\/WhatsApp-Image-2024-07-16-at-7.37.59-AM.jpeg 1080w\" sizes=\"auto, (max-width: 1024px) 100vw, 1024px\" \/><\/figure>\n","protected":false},"excerpt":{"rendered":"<p>Nettoyage professionnel et industriel Entretien complet de Bureau et Domicile D\u00e9sinsectisation D\u00e9ratisation D\u00e9sinfection Entretien et vidange des fosses<\/p>\n","protected":false},"author":1,"featured_media":0,"parent":0,"menu_order":0,"comment_status":"closed","ping_status":"closed","template":"","meta":{"footnotes":""},"class_list":["post-16","page","type-page","status-publish","hentry"],"_links":{"self":[{"href":"https:\/\/eclat-net.net\/index.php?rest_route=\/wp\/v2\/pages\/16","targetHints":{"allow":["GET"]}}],"collection":[{"href":"https:\/\/eclat-net.net\/index.php?rest_route=\/wp\/v2\/pages"}],"about":[{"href":"https:\/\/eclat-net.net\/index.php?rest_route=\/wp\/v2\/types\/page"}],"author":[{"embeddable":true,"href":"https:\/\/eclat-net.net\/index.php?rest_route=\/wp\/v2\/users\/1"}],"replies":[{"embeddable":true,"href":"https:\/\/eclat-net.net\/index.php?rest_route=%2Fwp%2Fv2%2Fcomments&post=16"}],"version-history":[{"count":14,"href":"https:\/\/eclat-net.net\/index.php?rest_route=\/wp\/v2\/pages\/16\/revisions"}],"predecessor-version":[{"id":41,"href":"https:\/\/eclat-net.net\/index.php?rest_route=\/wp\/v2\/pages\/16\/revisions\/41"}],"wp:attachment":[{"href":"https:\/\/eclat-net.net\/index.php?rest_route=%2Fwp%2Fv2%2Fmedia&parent=16"}],"curies":[{"name":"wp","href":"https:\/\/api.w.org\/{rel}","templated":true}]}}